{"id":34,"date":"2018-02-20T21:57:04","date_gmt":"2018-02-20T21:57:04","guid":{"rendered":"http:\/\/www.marina-trave.de\/?page_id=34"},"modified":"2020-08-13T09:21:33","modified_gmt":"2020-08-13T09:21:33","slug":"kurzfakten-marina-trave","status":"publish","type":"page","link":"http:\/\/www.marina-trave.de\/index.php\/kurzfakten-marina-trave\/","title":{"rendered":"Kurzfakten Marina-Trave"},"content":{"rendered":"<h4 style=\"background-color: lightgrey;\"><span style=\"color: #000000;\"><strong>Bilder<\/strong><\/span><\/h4>\n<p>\t\t<div id=\"grsGal0\" class=\"grsGal0 grsTemplate2\">\t\t\t<div class=\"grsGalCont\" ng-controller=\"grsFilm0\" ng-show=\"params.cssReady\" >\t\t\t\t<grs-film params=\"params\" resize scroll><\/grs-film>\t\t\t<\/div>\t\t<\/div>\t\t\t\t\t<script>\t\t\tvar grsAtts0 = jQuery.parseJSON('{\"id\":\"1\",\"view\":\"Film\",\"theme\":\"2\",\"width\":\"200\",\"height\":\"160\",\"contwidth\":\"100\",\"imagesperpage\":\"20\",\"nav\":\"buttons\",\"title\":\"onhover\",\"orderby\":\"order\",\"ordering\":\"ASC\",\"clickaction\":\"openLightbox\",\"openlinktarget\":\"_top\",\"lightboxwidth\":\"800\",\"lightboxheight\":\"600\",\"lightboxfilmstrip\":\"0\",\"lightboxcomment\":\"0\",\"lightboxcontbutts\":\"1\",\"lightboxfullw\":\"0\",\"lightboxfbutt\":\"1\",\"lightboxgbutt\":\"1\",\"lightboxtbutt\":\"1\",\"lightboxpbutt\":\"1\",\"lightboxtbbutt\":\"1\",\"lightboxlibutt\":\"1\",\"lightboxreddbutt\":\"1\",\"lightboxfsbutt\":\"1\",\"lightboxap\":\"1\",\"lightboxapin\":\"3\",\"lightboximinf\":\"1\",\"lightboxswipe\":\"1\",\"lightboximcn\":\"1\",\"lightboxeffect\":\"fade\",\"themeLastModDate\":\"1517473706\"}');\t\t\tgrsApp.controller('grsFilm0', ['$scope', 'GrsService',\t\t\t\tfunction ($scope, GrsService) {\t\t\t\t\t$scope.params = {\t\t\t\t\t\tshatts: grsAtts0,\t\t\t\t\t\tgrs: '0',\t\t\t\t\t\tdata: {\t\t\t\t\t\t\timages : [],\t\t\t\t\t\t\tcomments: [],\t\t\t\t\t\t\ttheme: {}\t\t\t\t\t\t},\t\t\t\t\t\tcssReady: false\t\t\t\t\t};\t\t\t\t\tinsertCss(grsAtts0, '0');\t\t\t\t}\t\t\t]);\t\t<\/script>\t\t<a href=\"http:\/\/baustelle.strabag.com\/de\/germany\/?Webcam[selected_webcam]=137\" target=\"_blank\" rel=\"noopener\">Hier ist der Link zur Webcam in Travem\u00fcnde.<\/a> Es fehlen nur noch die Aussenanlagen und die Inneneinrichtung wird gerade aufgebaut.<\/p>\n<h4 style=\"background-color: lightgrey;\"><span style=\"color: #000000;\"><strong>Beschreibung<\/strong><\/span><\/h4>\n<h6>+++Luxus Ferienwohnung an der Ostsee mit Meerblick (Wasserblick &amp; Strandblick),\u00a0 eigener Wellnessbereich , Entspannung mit\u00a0 Balkon+++<\/h6>\n<h6>Die bis ca. Sommer 2018 neu errichtete und hochwertig ausgestattete Ferienwohnung\u00a0 bietet einen gro\u00dfz\u00fcgigen und lichtdurchfluteten Wohn\/Essbereich und eine erstklassig ausger\u00fcstete K\u00fcche mit Zugang zum gro\u00dfz\u00fcgigen Balkon . Zus\u00e4tzlich haben Sie ihren eigenen Wellnessbereich mit Dampfbad mit Doppelregendusche &amp; Sauna .<\/h6>\n<h6>Der Wellnessbereich des Hotels Aja (nur wenige Meter entfernt) ist verg\u00fcnstigt f\u00fcr Sie benutzbar.\u00a0 Der Travem\u00fcnder Strand ist nur wenige Meter entfernt und auch der Hafen ist wenige Meter neben dem Haus.<\/h6>\n<h6>Nat\u00fcrlich ist auch ihr vierbeiniger Hundeliebling bei uns willkommen. (beim Sandstrand ist in der Nebensaison Ihr Hund \u00fcberall willkommen, in der Hauptsaison gibt es auch einen Hundestrand der eine sch\u00f6ne Gassirunde entfernt liegt)<\/h6>\n<h6>Bequeme Wohnelemente und ein grosser 50 Zoll Flach-TV laden zum Entspannen am Ethanol Kaminofen ein. Von hier haben Sie einen grandiosen Blick auf das Meer.<\/h6>\n<h6>Diese Ferienwohnung ist ideal f\u00fcr Familien, Paare, Hundebesitzer, Kitesurfer, Windsurfer oder einfach nur Entspannungssuchende.<\/h6>\n<h6>Das sch\u00f6ne Wellness Badezimmer mit Dampfbad mit Doppelregendusche\u00a0 Sauna, WC l\u00e4sst auch bei schlechtem Wetter den Urlaub zum Erlebnis werden.<\/h6>\n<h6>Zwei wundersch\u00f6ne Schlafzimmer mit direktem Meerblick und gro\u00dfz\u00fcgigen Doppelbetten\u00a0 bieten einen entspannten und erholsamen Schlaf .<\/h6>\n<h6>Die Ferienwohnung verf\u00fcgt \u00fcber Fu\u00dfbodenheizung und elegante, in wei\u00df gehaltene doppelverglaste Kunststofffenster mit Verdunklung in den Schlafzimmern und Wohnzimmer.<\/h6>\n<h6>Ein kostenfreier Stellplatz direkt vor dem Haus kann von Ihnen genutzt werden. Sie haben ebenfalls ein kostenfreies WLAN zur Verf\u00fcgung.<\/h6>\n<p>&nbsp;<\/p>\n<h5 style=\"background-color: lightgrey;\"><span style=\"color: #000000;\"><strong>Preise<\/strong><\/span><\/h5>\n<h5><strong>Bitte anfragen&#8230;die Preise werden gerade ver\u00f6ffentlicht.<br \/>\n<\/strong><\/h5>\n<p>&nbsp;<\/p>\n<p>&nbsp;<\/p>\n<h5 style=\"background-color: lightgrey;\"><span style=\"color: #000000;\"><strong>Buchungskalendar<\/strong><\/span><\/h5>\n<p align=\"center\"><span class=\"popmake-marina-trave\"><img decoding=\"async\" class=\"alignnone size-full wp-image-116\" src=\"http:\/\/www.marina-trave.de\/wp-content\/uploads\/2018\/06\/buchungsanfrage_button_gerade.png\" alt=\"\" width=\"200\" \/><\/span><\/p>\n","protected":false},"excerpt":{"rendered":"<p>Bilder Hier ist der Link zur Webcam in Travem\u00fcnde. Es fehlen nur noch die Aussenanlagen und die Inneneinrichtung wird gerade aufgebaut. Beschreibung +++Luxus Ferienwohnung an der Ostsee mit Meerblick (Wasserblick &amp; Strandblick),\u00a0 eigener Wellnessbereich , Entspannung mit\u00a0 Balkon+++ Die bis ca. Sommer 2018 neu errichtete und hochwertig ausgestattete Ferienwohnung\u00a0 bietet einen gro\u00dfz\u00fcgigen und lichtdurchfluteten Wohn\/Essbereich&#8230;<\/p>\n","protected":false},"author":1,"featured_media":0,"parent":0,"menu_order":0,"comment_status":"closed","ping_status":"closed","template":"","meta":{"footnotes":""},"class_list":["post-34","page","type-page","status-publish","hentry"],"_links":{"self":[{"href":"http:\/\/www.marina-trave.de\/index.php\/wp-json\/wp\/v2\/pages\/34","targetHints":{"allow":["GET"]}}],"collection":[{"href":"http:\/\/www.marina-trave.de\/index.php\/wp-json\/wp\/v2\/pages"}],"about":[{"href":"http:\/\/www.marina-trave.de\/index.php\/wp-json\/wp\/v2\/types\/page"}],"author":[{"embeddable":true,"href":"http:\/\/www.marina-trave.de\/index.php\/wp-json\/wp\/v2\/users\/1"}],"replies":[{"embeddable":true,"href":"http:\/\/www.marina-trave.de\/index.php\/wp-json\/wp\/v2\/comments?post=34"}],"version-history":[{"count":6,"href":"http:\/\/www.marina-trave.de\/index.php\/wp-json\/wp\/v2\/pages\/34\/revisions"}],"predecessor-version":[{"id":65,"href":"http:\/\/www.marina-trave.de\/index.php\/wp-json\/wp\/v2\/pages\/34\/revisions\/65"}],"wp:attachment":[{"href":"http:\/\/www.marina-trave.de\/index.php\/wp-json\/wp\/v2\/media?parent=34"}],"curies":[{"name":"wp","href":"https:\/\/api.w.org\/{rel}","templated":true}]}}